{"id":10,"date":"2025-04-08T11:24:54","date_gmt":"2025-04-08T09:24:54","guid":{"rendered":"https:\/\/nassvet.splet.arnes.si\/?page_id=10"},"modified":"2025-11-17T10:21:05","modified_gmt":"2025-11-17T09:21:05","slug":"prehrana","status":"publish","type":"page","link":"https:\/\/www.nas-svet.si\/?page_id=10","title":{"rendered":"Prehrana"},"content":{"rendered":"\n<p>Otroci pre\u017eivijo v vrtcu veliko svojega \u010dasa, zato je zelo pomembno, da njihovo prehrano v vrtcih skrbno na\u010drtujemo. Otroci v tem obdobju oblikujejo prehranske navade, v vrtcih pa se strokovni delavci trudijo, da otrokom \u017ee v najzgodnej\u0161ih letih privzgojijo pozitiven odnos do zdravega na\u010dina prehranjevanja. Z zdravo prehrano otrok se posledi\u010dno zmanj\u0161ujejo dejavniki tveganja za bolezni, ki v odrasli dobi lahko pustijo resne zdravstvene posledice. V sodelovanju z lokalnimi ponudniki bomo otrokom zagotovili sve\u017eo zelenjavo, sadje in ostala \u017eivila. Obroke bodo otroci zau\u017eili v <em>\u010disto pravi jedilnici<\/em>, in ne v igralnici, kakor je navada drugod. S tem bomo skrbeli za razvoj kulture prehranjevanja in spo\u0161tljiv odnos do hrane ter razvijali otrokovo samostojnost pri hranjenju.<\/p>\n\n\n\n<figure class=\"wp-block-image size-full\"><img loading=\"lazy\" decoding=\"async\" width=\"629\" height=\"596\" src=\"https:\/\/www.nas-svet.si\/files\/2025\/04\/4-2.jpg\" alt=\"\" class=\"wp-image-67\" srcset=\"https:\/\/www.nas-svet.si\/files\/2025\/04\/4-2.jpg 629w, https:\/\/www.nas-svet.si\/files\/2025\/04\/4-2-300x284.jpg 300w, https:\/\/www.nas-svet.si\/files\/2025\/04\/4-2-317x300.jpg 317w\" sizes=\"auto, (max-width: 629px) 100vw, 629px\" \/><\/figure>\n\n\n\n<p>Na podlagi veljavnega zdravni\u0161kega potrdila, bomo v vrtcu pripravljali tudi dietne obroke.<\/p>\n\n\n\n<p><\/p>\n\n\n\n<p><\/p>\n\n\n\n<figure class=\"wp-block-image size-full\"><img loading=\"lazy\" decoding=\"async\" width=\"790\" height=\"527\" src=\"https:\/\/www.nas-svet.si\/files\/2025\/04\/1-2.jpg\" alt=\"\" class=\"wp-image-69\" srcset=\"https:\/\/www.nas-svet.si\/files\/2025\/04\/1-2.jpg 790w, https:\/\/www.nas-svet.si\/files\/2025\/04\/1-2-300x200.jpg 300w, https:\/\/www.nas-svet.si\/files\/2025\/04\/1-2-768x512.jpg 768w, https:\/\/www.nas-svet.si\/files\/2025\/04\/1-2-450x300.jpg 450w\" sizes=\"auto, (max-width: 790px) 100vw, 790px\" \/><\/figure>\n\n\n\n<div class=\"wp-block-media-text is-stacked-on-mobile\"><figure class=\"wp-block-media-text__media\"><\/figure><div class=\"wp-block-media-text__content\">\n<p><\/p>\n<\/div><\/div>\n\n\n\n<p><\/p>\n\n\n\n<p><\/p>\n","protected":false},"excerpt":{"rendered":"<p>Otroci pre\u017eivijo v vrtcu veliko svojega \u010dasa, zato je zelo pomembno, da njihovo prehrano v vrtcih skrbno na\u010drtujemo. Otroci v tem obdobju oblikujejo prehranske navade, v vrtcih pa se strokovni delavci trudijo, da otrokom \u017ee v najzgodnej\u0161ih letih privzgojijo pozitiven &hellip; <a href=\"https:\/\/www.nas-svet.si\/?page_id=10\">Beri naprej <span class=\"meta-nav\">&rarr;<\/span><\/a><\/p>\n","protected":false},"author":118214,"featured_media":0,"parent":0,"menu_order":0,"comment_status":"closed","ping_status":"closed","template":"","meta":{"ngg_post_thumbnail":0,"footnotes":""},"class_list":["post-10","page","type-page","status-publish","hentry"],"_links":{"self":[{"href":"https:\/\/www.nas-svet.si\/index.php?rest_route=\/wp\/v2\/pages\/10","targetHints":{"allow":["GET"]}}],"collection":[{"href":"https:\/\/www.nas-svet.si\/index.php?rest_route=\/wp\/v2\/pages"}],"about":[{"href":"https:\/\/www.nas-svet.si\/index.php?rest_route=\/wp\/v2\/types\/page"}],"author":[{"embeddable":true,"href":"https:\/\/www.nas-svet.si\/index.php?rest_route=\/wp\/v2\/users\/118214"}],"replies":[{"embeddable":true,"href":"https:\/\/www.nas-svet.si\/index.php?rest_route=%2Fwp%2Fv2%2Fcomments&post=10"}],"version-history":[{"count":5,"href":"https:\/\/www.nas-svet.si\/index.php?rest_route=\/wp\/v2\/pages\/10\/revisions"}],"predecessor-version":[{"id":266,"href":"https:\/\/www.nas-svet.si\/index.php?rest_route=\/wp\/v2\/pages\/10\/revisions\/266"}],"wp:attachment":[{"href":"https:\/\/www.nas-svet.si\/index.php?rest_route=%2Fwp%2Fv2%2Fmedia&parent=10"}],"curies":[{"name":"wp","href":"https:\/\/api.w.org\/{rel}","templated":true}]}}