{"id":6,"date":"2025-04-08T11:24:54","date_gmt":"2025-04-08T09:24:54","guid":{"rendered":"https:\/\/nassvet.splet.arnes.si\/?page_id=6"},"modified":"2025-04-10T08:22:38","modified_gmt":"2025-04-10T06:22:38","slug":"o-nas","status":"publish","type":"page","link":"https:\/\/www.nas-svet.si\/?page_id=6","title":{"rendered":"O nas"},"content":{"rendered":"\n<p><strong>VIZIJA<\/strong><\/p>\n\n\n\n<p>Zasebni vrtec Na\u0161 svet prvotno predstavlja svet, ki ga bodo vzgojiteljice in pomo\u010dnice gradile v idili\u010dnem okolju skupaj z va\u0161imi otroki. Niti vzgoje, skrbi in ne\u017enosti se prepletajo med stenami popolnoma prenovljene hi\u0161e, se razigrano podajo \u010dez \u0161irno zelenico in se spo\u010dijejo v globoki senci orehovih kro\u0161enj.<\/p>\n\n\n\n<p>V tem varnem okolju bodo prebivalci Na\u0161ega sveta \u017eiveli z naravo ter razvijali svoje spretnosti in se u\u010dili znanja za \u017eivljenje, z upo\u0161tevanjem potreb sodobne dru\u017ebe.<\/p>\n\n\n\n<p><strong>KDO SMO<\/strong><\/p>\n\n\n\n<p>Zasebni vrtec Na\u0161 svet, ki ga ustanavlja Posavc d. o. o., izvaja javno veljaven program vzgoje in izobra\u017eevanja za izvajanje programa za pred\u0161olske otroke Kurikulum za vrtce, nahaja pa se na naslovu Cesta bratov Cerjakov 17, 8250 Bre\u017eice. Vrtec se nahaja v hi\u0161i, ki smo jo preuredili po standardih in normativih za vrtce.<\/p>\n\n\n<div class=\"wp-block-image\">\n<figure class=\"aligncenter size-full\"><img loading=\"lazy\" decoding=\"async\" width=\"191\" height=\"51\" src=\"https:\/\/www.nas-svet.si\/files\/2025\/04\/posavc.png\" alt=\"\" class=\"wp-image-150\" \/><\/figure>\n<\/div>\n\n\n<p>Glede na robne pogoje, opredeljene v Pravilniku o normativih in minimalnih tehni\u010dnih pogojih za prostor in opremo vrtca, zasebni vrtec obsega dve vrt\u010devski skupini:<\/p>\n\n\n\n<ul class=\"wp-block-list\">\n<li>skupino 1. starostnega in<\/li>\n\n\n\n<li>skupino 2. starostnega obdobja<\/li>\n<\/ul>\n\n\n\n<p>V zasebnem vrtcu bo, v skladu s Pravilnikom o izobrazbi vzgojiteljev pred\u0161olskih otrok in drugih strokovnih delavcev v programih za pred\u0161olske otroke in v prilagojenih programih za pred\u0161olske otroke s posebnimi potrebam, zaposlen ustrezen kader (diplomirane vzgojiteljice pred\u0161olskih otrok in vzgojiteljice pred\u0161olskih otrok \u2013 pomo\u010dnik vzgojitelja).<\/p>\n\n\n\n<h6 class=\"wp-block-heading has-text-align-center\"><strong>Ne pozabite &#8211; pri nas vpis poteka celo leto<\/strong><\/h6>\n\n\n\n<div class=\"wp-block-group\"><div class=\"wp-block-group__inner-container is-layout-constrained wp-block-group-is-layout-constrained\">\n<div class=\"wp-block-group\"><div class=\"wp-block-group__inner-container is-layout-constrained wp-block-group-is-layout-constrained\">\n<figure class=\"wp-block-image size-large\"><img loading=\"lazy\" decoding=\"async\" width=\"1024\" height=\"1024\" src=\"https:\/\/www.nas-svet.si\/files\/2025\/04\/FB_IMG_1744115831136-1024x1024.jpg\" alt=\"\" class=\"wp-image-124\" srcset=\"https:\/\/www.nas-svet.si\/files\/2025\/04\/FB_IMG_1744115831136-1024x1024.jpg 1024w, https:\/\/www.nas-svet.si\/files\/2025\/04\/FB_IMG_1744115831136-300x300.jpg 300w, https:\/\/www.nas-svet.si\/files\/2025\/04\/FB_IMG_1744115831136-150x150.jpg 150w, https:\/\/www.nas-svet.si\/files\/2025\/04\/FB_IMG_1744115831136-768x768.jpg 768w, https:\/\/www.nas-svet.si\/files\/2025\/04\/FB_IMG_1744115831136-1536x1536.jpg 1536w, https:\/\/www.nas-svet.si\/files\/2025\/04\/FB_IMG_1744115831136.jpg 1600w\" sizes=\"auto, (max-width: 1024px) 100vw, 1024px\" \/><\/figure>\n\n\n\n<p><strong>STOPITE V STIK Z NAMI<\/strong><\/p>\n<\/div><\/div>\n\n\n\n<div class=\"wp-block-group\"><div class=\"wp-block-group__inner-container is-layout-constrained wp-block-group-is-layout-constrained\">\n<p>Zasebni vrtec \u00bbNa\u0161 svet\u00ab<br>Cesta bratov Cerjakov 17, 8250 Bre\u017eice<br><\/p>\n\n\n\n<p>telefon: 059 999 000<br>email: nas.svet@posavc.si<br>Delovni \u010das: 6.30\u201315.30<\/p>\n<\/div><\/div>\n<\/div><\/div>\n\n\n\n<p><\/p>\n","protected":false},"excerpt":{"rendered":"<p>VIZIJA Zasebni vrtec Na\u0161 svet prvotno predstavlja svet, ki ga bodo vzgojiteljice in pomo\u010dnice gradile v idili\u010dnem okolju skupaj z va\u0161imi otroki. Niti vzgoje, skrbi in ne\u017enosti se prepletajo med stenami popolnoma prenovljene hi\u0161e, se razigrano podajo \u010dez \u0161irno zelenico &hellip; <a href=\"https:\/\/www.nas-svet.si\/?page_id=6\">Beri naprej <span class=\"meta-nav\">&rarr;<\/span><\/a><\/p>\n","protected":false},"author":118214,"featured_media":0,"parent":0,"menu_order":0,"comment_status":"closed","ping_status":"closed","template":"","meta":{"ngg_post_thumbnail":0,"footnotes":""},"class_list":["post-6","page","type-page","status-publish","hentry"],"_links":{"self":[{"href":"https:\/\/www.nas-svet.si\/index.php?rest_route=\/wp\/v2\/pages\/6","targetHints":{"allow":["GET"]}}],"collection":[{"href":"https:\/\/www.nas-svet.si\/index.php?rest_route=\/wp\/v2\/pages"}],"about":[{"href":"https:\/\/www.nas-svet.si\/index.php?rest_route=\/wp\/v2\/types\/page"}],"author":[{"embeddable":true,"href":"https:\/\/www.nas-svet.si\/index.php?rest_route=\/wp\/v2\/users\/118214"}],"replies":[{"embeddable":true,"href":"https:\/\/www.nas-svet.si\/index.php?rest_route=%2Fwp%2Fv2%2Fcomments&post=6"}],"version-history":[{"count":11,"href":"https:\/\/www.nas-svet.si\/index.php?rest_route=\/wp\/v2\/pages\/6\/revisions"}],"predecessor-version":[{"id":200,"href":"https:\/\/www.nas-svet.si\/index.php?rest_route=\/wp\/v2\/pages\/6\/revisions\/200"}],"wp:attachment":[{"href":"https:\/\/www.nas-svet.si\/index.php?rest_route=%2Fwp%2Fv2%2Fmedia&parent=6"}],"curies":[{"name":"wp","href":"https:\/\/api.w.org\/{rel}","templated":true}]}}